{"id":49,"date":"2011-12-27T19:22:12","date_gmt":"2011-12-27T18:22:12","guid":{"rendered":"http:\/\/laburrasierrita.com\/?page_id=49"},"modified":"2011-12-27T19:22:12","modified_gmt":"2011-12-27T18:22:12","slug":"mi-arriero-2-0","status":"publish","type":"page","link":"https:\/\/elarriero.es\/laburrasierrita\/mi-arriero-2-0\/","title":{"rendered":"Mi Arriero 2.0"},"content":{"rendered":"<p style=\"text-align: left;\"><a href=\"http:\/\/elarriero.es\/laburrasierrita\/wp-content\/uploads\/2011\/12\/dos-y-camino-800x600.jpg\" rel=\"prettyPhoto\"><img loading=\"lazy\" decoding=\"async\" class=\"alignleft  wp-image-69\" title=\"Jes\u00fas, mi Arriero 2.0\" src=\"http:\/\/elarriero.es\/laburrasierrita\/wp-content\/uploads\/2011\/12\/dos-y-camino-800x600.jpg\" alt=\"\" width=\"191\" height=\"272\" \/><\/a>NOMBRE: <strong>JES\u00daS<\/strong><\/p>\n<p style=\"text-align: left;\">ESPECIE: <strong>HUMANA<\/strong><\/p>\n<p style=\"text-align: left;\">RAZA: <strong>ANDALUZA<\/strong><\/p>\n<p style=\"text-align: left;\">CAPA: <strong>CASTA\u00d1A<\/strong><\/p>\n<p style=\"text-align: left;\">SEXO: <strong>MACHO<\/strong><\/p>\n<p style=\"text-align: left;\">FECHA DE NACIMIENTO: <strong>09-05-1973<\/strong><\/p>\n<p style=\"text-align: left;\">LUGAR DE NACIMIENTO: <strong>C\u00d3RDOBA<\/strong><\/p>\n<p style=\"text-align: left;\">ARRIEROGRAF\u00cdA: Hola, este es Jes\u00fas, mi Arriero 2.0. Es la primera vez que tiene un burro, o cualquier tipo de \u00e9quipo, es novato de todas todas, como yo. Me trata muy bien y tiene mucha paciencia. Le encanta la monta\u00f1a, la naturaleza, los animales y las nuevas tecnolog\u00edas. Est\u00e1 embarcado en varios proyectos <a href=\"http:\/\/lokofilms.com\/\" target=\"_blank\">lokofilms.com<\/a>\u00a0 <a href=\"http:\/\/campobasefm.com\/\" target=\"_blank\">campobasefm.com<\/a>\u00a0 <a href=\"http:\/\/canalsierranevada.com\/\" target=\"_blank\">canalsierranevada.com<\/a>\u00a0 <a href=\"http:\/\/accionsierranevada.org\/\" target=\"_blank\">accionsierranevada.org<\/a>\u00a0 Le gusta escribir relatos de monta\u00f1a cuando tiene tiempo&#8230;y ahora quiere ser Arriero, yo estoy encantada&#8230;<\/p>\n<p style=\"text-align: center;\"><a href=\"http:\/\/elarriero.es\/laburrasierrita\/wp-content\/uploads\/2011\/12\/sombra-arriero-800x600.jpg\" rel=\"prettyPhoto\"><img loading=\"lazy\" decoding=\"async\" class=\"aligncenter  wp-image-71\" title=\"Jes\u00fas, mi Arriero 2.0\" src=\"http:\/\/elarriero.es\/laburrasierrita\/wp-content\/uploads\/2011\/12\/sombra-arriero-800x600.jpg\" alt=\"\" width=\"484\" height=\"133\" \/><\/a><\/p>\n<p>&nbsp;<\/p>\n","protected":false},"excerpt":{"rendered":"<p>NOMBRE: JES\u00daS ESPECIE: HUMANA RAZA: ANDALUZA CAPA: CASTA\u00d1A SEXO: MACHO FECHA DE NACIMIENTO: 09-05-1973 LUGAR DE NACIMIENTO: C\u00d3RDOBA ARRIEROGRAF\u00cdA: Hola, este es Jes\u00fas, mi Arriero 2.0. Es la primera vez que tiene un burro, o cualquier tipo de \u00e9quipo, es novato de todas todas, como yo. Me trata muy bien y tiene mucha paciencia. Le &hellip; <a href=\"https:\/\/elarriero.es\/laburrasierrita\/mi-arriero-2-0\/\" class=\"more-link\">Seguir leyendo <span class=\"screen-reader-text\">Mi Arriero 2.0<\/span> <span class=\"meta-nav\">&rarr;<\/span><\/a><\/p>\n","protected":false},"author":2,"featured_media":0,"parent":0,"menu_order":0,"comment_status":"open","ping_status":"open","template":"","meta":{"footnotes":""},"class_list":["post-49","page","type-page","status-publish","hentry"],"_links":{"self":[{"href":"https:\/\/elarriero.es\/laburrasierrita\/wp-json\/wp\/v2\/pages\/49","targetHints":{"allow":["GET"]}}],"collection":[{"href":"https:\/\/elarriero.es\/laburrasierrita\/wp-json\/wp\/v2\/pages"}],"about":[{"href":"https:\/\/elarriero.es\/laburrasierrita\/wp-json\/wp\/v2\/types\/page"}],"author":[{"embeddable":true,"href":"https:\/\/elarriero.es\/laburrasierrita\/wp-json\/wp\/v2\/users\/2"}],"replies":[{"embeddable":true,"href":"https:\/\/elarriero.es\/laburrasierrita\/wp-json\/wp\/v2\/comments?post=49"}],"version-history":[{"count":0,"href":"https:\/\/elarriero.es\/laburrasierrita\/wp-json\/wp\/v2\/pages\/49\/revisions"}],"wp:attachment":[{"href":"https:\/\/elarriero.es\/laburrasierrita\/wp-json\/wp\/v2\/media?parent=49"}],"curies":[{"name":"wp","href":"https:\/\/api.w.org\/{rel}","templated":true}]}}