{"id":42,"date":"2011-12-27T19:14:17","date_gmt":"2011-12-27T18:14:17","guid":{"rendered":"http:\/\/laburrasierrita.com\/?page_id=42"},"modified":"2011-12-27T19:14:17","modified_gmt":"2011-12-27T18:14:17","slug":"asnografia","status":"publish","type":"page","link":"https:\/\/elarriero.es\/laburrasierrita\/asnografia\/","title":{"rendered":"Asnograf\u00eda"},"content":{"rendered":"<p><a href=\"http:\/\/elarriero.es\/laburrasierrita\/wp-content\/uploads\/2011\/12\/cara-800x600.jpg\" rel=\"prettyPhoto\"><img loading=\"lazy\" decoding=\"async\" class=\" wp-image-58 alignleft\" style=\"border: 0pt none;\" title=\"Soy la burra Sierrita\" src=\"http:\/\/elarriero.es\/laburrasierrita\/wp-content\/uploads\/2011\/12\/cara-800x600.jpg\" alt=\"\" width=\"191\" height=\"272\" \/><\/a>NOMBRE: <strong>SIERRITA<\/strong><\/p>\n<p>ESPECIE: <strong>ASNAL<\/strong><\/p>\n<p>RAZA: <strong>AFRICANA<\/strong><\/p>\n<p>CAPA: <strong>RUCIA<\/strong><\/p>\n<p>SEXO: <strong>HEMBRA<\/strong><\/p>\n<p>FECHA DE NACIMIENTO: <strong>09-06-2007<\/strong><\/p>\n<p>LUGAR DE NACIMIENTO: <strong>D\u00daRCAL<\/strong> (Granada)<\/p>\n<p>ASNOGRAF\u00cdA: Hola, soy la burra Sierrita, he tenido 3 due\u00f1os. La primera fue\u00a0 Raquel, nac\u00ed en su casa. Al poco tiempo, y una vez destetada, Luis vino a recogerme y me llev\u00f3 a su cortijo de el Padul, me llamaron \u00abCasta\u00f1ica\u00bb, all\u00ed pas\u00e9 cuatro a\u00f1os bien cuidada, aunque no sal\u00ed de la cuadra. El <strong>3 de diciembre de 2011<\/strong> vino Jes\u00fas a por m\u00ed para llevarme a Otura, desde entonces me llamo \u00abSierrita\u00bb, me gusta ese nombre, y estoy descubriendo el mundo.<\/p>\n<p style=\"text-align: center;\"><a href=\"http:\/\/elarriero.es\/laburrasierrita\/wp-content\/uploads\/2011\/12\/pastando-800x600.jpg\" rel=\"prettyPhoto\"><img loading=\"lazy\" decoding=\"async\" class=\"aligncenter  wp-image-65\" title=\"Pastando por primera vez en mi vida (Otura)\" src=\"http:\/\/elarriero.es\/laburrasierrita\/wp-content\/uploads\/2011\/12\/pastando-800x600.jpg\" alt=\"\" width=\"484\" height=\"133\" srcset=\"https:\/\/elarriero.es\/laburrasierrita\/wp-content\/uploads\/2011\/12\/pastando-800x600.jpg 800w, https:\/\/elarriero.es\/laburrasierrita\/wp-content\/uploads\/2011\/12\/pastando-800x600-300x82.jpg 300w\" sizes=\"auto, (max-width: 484px) 100vw, 484px\" \/><\/a><\/p>\n","protected":false},"excerpt":{"rendered":"<p>NOMBRE: SIERRITA ESPECIE: ASNAL RAZA: AFRICANA CAPA: RUCIA SEXO: HEMBRA FECHA DE NACIMIENTO: 09-06-2007 LUGAR DE NACIMIENTO: D\u00daRCAL (Granada) ASNOGRAF\u00cdA: Hola, soy la burra Sierrita, he tenido 3 due\u00f1os. La primera fue\u00a0 Raquel, nac\u00ed en su casa. Al poco tiempo, y una vez destetada, Luis vino a recogerme y me llev\u00f3 a su cortijo de &hellip; <a href=\"https:\/\/elarriero.es\/laburrasierrita\/asnografia\/\" class=\"more-link\">Seguir leyendo <span class=\"screen-reader-text\">Asnograf\u00eda<\/span> <span class=\"meta-nav\">&rarr;<\/span><\/a><\/p>\n","protected":false},"author":2,"featured_media":0,"parent":0,"menu_order":0,"comment_status":"open","ping_status":"open","template":"","meta":{"footnotes":""},"class_list":["post-42","page","type-page","status-publish","hentry"],"_links":{"self":[{"href":"https:\/\/elarriero.es\/laburrasierrita\/wp-json\/wp\/v2\/pages\/42","targetHints":{"allow":["GET"]}}],"collection":[{"href":"https:\/\/elarriero.es\/laburrasierrita\/wp-json\/wp\/v2\/pages"}],"about":[{"href":"https:\/\/elarriero.es\/laburrasierrita\/wp-json\/wp\/v2\/types\/page"}],"author":[{"embeddable":true,"href":"https:\/\/elarriero.es\/laburrasierrita\/wp-json\/wp\/v2\/users\/2"}],"replies":[{"embeddable":true,"href":"https:\/\/elarriero.es\/laburrasierrita\/wp-json\/wp\/v2\/comments?post=42"}],"version-history":[{"count":0,"href":"https:\/\/elarriero.es\/laburrasierrita\/wp-json\/wp\/v2\/pages\/42\/revisions"}],"wp:attachment":[{"href":"https:\/\/elarriero.es\/laburrasierrita\/wp-json\/wp\/v2\/media?parent=42"}],"curies":[{"name":"wp","href":"https:\/\/api.w.org\/{rel}","templated":true}]}}