{"id":78,"date":"2009-03-31T22:02:56","date_gmt":"2009-03-31T20:02:56","guid":{"rendered":"http:\/\/campobasefm.wordpress.com\/?page_id=78"},"modified":"2021-06-30T14:02:28","modified_gmt":"2021-06-30T12:02:28","slug":"premio-collado-sur","status":"publish","type":"page","link":"https:\/\/elarriero.es\/campobasefm\/equipo\/premio-collado-sur\/","title":{"rendered":"premio \u00abCollado Sur\u00bb"},"content":{"rendered":"<p><em> <\/em><em><a href=\"http:\/\/campobasefm.files.wordpress.com\/2009\/03\/img_1496.jpg\" target=\"_blank\" rel=\"noopener\"><img loading=\"lazy\" decoding=\"async\" class=\"aligncenter size-full wp-image-813\" title=\"Premio Collado Sur al mejor programa de radio.\" src=\"http:\/\/campobasefm.files.wordpress.com\/2009\/03\/img_1496.jpg\" alt=\"\" width=\"510\" height=\"391\" \/><\/a><br \/>\n<\/em><em> <\/em><em> <\/em><\/p>\n<p><em><strong><a href=\"http:\/\/campobasefm.files.wordpress.com\/2010\/03\/foto1.jpg\"><img loading=\"lazy\" decoding=\"async\" class=\"size-medium wp-image-737 alignright\" title=\"foto1\" src=\"http:\/\/campobasefm.files.wordpress.com\/2010\/03\/foto1.jpg?w=202\" alt=\"\" width=\"191\" height=\"284\" \/><\/a>PREMIOS COLLADO SUR Y  PREMIOS INSTITUCIONALES<\/strong><\/em><\/p>\n<p><em>En sesi\u00f3n extraordinaria de la Junta  Directiva de la Federaci\u00f3n  Andaluza de Monta\u00f1ismo reunida el 12\/03\/2010  para conceder los PREMIOS  COLLADO SUR que ser\u00e1n entregados en la Gala  del Monta\u00f1ismo andaluz por  unanimidad de sus componentes<\/em><\/p>\n<p><em><strong>ACUERDAN: <\/strong><\/em><\/p>\n<p><em>Conceder el <strong>Premio Collado Sur al mejor programa de radio a  la  emisora  Otura FM por la emisi\u00f3n semanal del programa CAMPO BASE.<\/strong><\/em><\/p>\n<p><em>M\u00e1s informaci\u00f3n <\/em><strong><a href=\"http:\/\/www.fedamon.com\/noticias\/2010\/gala\/noticia.htm\" target=\"_blank\" rel=\"noopener\">http:\/\/www.fedamon.com\/<\/a><\/strong><\/p>\n<p><em>Fotos de la I Gala del Monta\u00f1ismo Andaluz<\/em><\/p>\n<h4><span style=\"text-decoration: underline;\"><strong>Enlaces relacionados con el premio.<\/strong><\/span><\/h4>\n<ol> <em> <\/em><\/p>\n<li><strong><a title=\"clic aqu\u00ed\" href=\"http:\/\/www.ideal.es\/granada\/multimedia\/fotos\/granada\/53170-premios-federacion-andaluza-montanismo-10.html\" target=\"_blank\" rel=\"noopener\">Fotos de la Gala en Ideal<\/a><\/strong><\/li>\n<li><strong><a title=\"clic aqu\u00ed\" href=\"http:\/\/www.ideal.es\/granada\/v\/20100318\/deportes\/mas-deporte\/desafio-publicacion-ideal-recibe-20100318.html\" target=\"_blank\" rel=\"noopener\">La noticia en la prensa<\/a><\/strong><\/li>\n<li><strong><a title=\"clic aqu\u00ed\" href=\"http:\/\/alsurdegranada-rafagan.blogspot.com\/2010\/03\/premio-campo-base.html\" target=\"_blank\" rel=\"noopener\">Al sur de Granada<\/a><\/strong><\/li>\n<li><strong><a title=\"clic aqu\u00ed\" href=\"http:\/\/www.nevasport.com\/phorum\/read.php?10,2054865\" target=\"_blank\" rel=\"noopener\">Foro monta\u00f1ero nevasport<\/a><\/strong><\/li>\n<li><strong><a title=\"clic aqu\u00ed\" href=\"http:\/\/www.ayuntamientodeotura.es\/component\/content\/article\/25-actualidad\/1007-radio\" target=\"_blank\" rel=\"noopener\">Ayuntamiento de Otura<\/a><\/strong><\/li>\n<li><a title=\"clic aqu\u00ed\" href=\"http:\/\/www.granabike.com\/foro\/general\/participacion-en-campo-base-oturafm.html\" target=\"_blank\" rel=\"noopener\"><strong>Foro Granabike<\/strong><\/a><\/li>\n<li><strong><a title=\"clic aqu\u00ed\" href=\"http:\/\/www.facebook.com\/#!\/pages\/OTURA\/OTURA-FM\/189222977286?ref=ts\" target=\"_blank\" rel=\"noopener\">Facebook OTURA FM<\/a><\/strong><\/li>\n<li><strong><a href=\"http:\/\/www.facebook.com\/profile.php?ref=profile&amp;id=100000893324147#!\/pages\/Campo-Base-FM\/107551102600460?ref=mf\" target=\"_blank\" rel=\"noopener\">Facebook CAMPO BASE<\/a><\/strong><\/li>\n<li><a href=\"http:\/\/www.fedamon.com\/fotografias_gala2010\/gala.html\" target=\"_blank\" rel=\"noopener\"><strong>Fotos FAM<\/strong><\/a><strong><br \/>\n<\/strong><\/li>\n<\/ol>\n<p><a href=\"http:\/\/campobasefm.files.wordpress.com\/2009\/03\/premio-collado-sur_campo-base-2009_.jpg\" target=\"_blank\" rel=\"noopener\"><img loading=\"lazy\" decoding=\"async\" class=\"aligncenter size-full wp-image-832\" title=\"Premio Collado Sur_Campo Base 2009_\" src=\"http:\/\/campobasefm.files.wordpress.com\/2009\/03\/premio-collado-sur_campo-base-2009_.jpg\" alt=\"\" width=\"510\" height=\"368\" \/><\/a><\/p>\n","protected":false},"excerpt":{"rendered":"<p>PREMIOS COLLADO SUR Y PREMIOS INSTITUCIONALES En sesi\u00f3n extraordinaria de la Junta Directiva de la Federaci\u00f3n Andaluza de Monta\u00f1ismo reunida el 12\/03\/2010 para conceder los PREMIOS COLLADO SUR que ser\u00e1n entregados en la Gala del Monta\u00f1ismo andaluz por unanimidad de sus componentes ACUERDAN: Conceder el Premio Collado Sur al mejor programa de radio a la [&hellip;]<\/p>\n","protected":false},"author":2,"featured_media":0,"parent":1681,"menu_order":7,"comment_status":"open","ping_status":"closed","template":"","meta":{"om_disable_all_campaigns":false,"_monsterinsights_skip_tracking":false,"_monsterinsights_sitenote_active":false,"_monsterinsights_sitenote_note":"","_monsterinsights_sitenote_category":0,"footnotes":""},"class_list":["post-78","page","type-page","status-publish","hentry"],"aioseo_notices":[],"_links":{"self":[{"href":"https:\/\/elarriero.es\/campobasefm\/wp-json\/wp\/v2\/pages\/78","targetHints":{"allow":["GET"]}}],"collection":[{"href":"https:\/\/elarriero.es\/campobasefm\/wp-json\/wp\/v2\/pages"}],"about":[{"href":"https:\/\/elarriero.es\/campobasefm\/wp-json\/wp\/v2\/types\/page"}],"author":[{"embeddable":true,"href":"https:\/\/elarriero.es\/campobasefm\/wp-json\/wp\/v2\/users\/2"}],"replies":[{"embeddable":true,"href":"https:\/\/elarriero.es\/campobasefm\/wp-json\/wp\/v2\/comments?post=78"}],"version-history":[{"count":1,"href":"https:\/\/elarriero.es\/campobasefm\/wp-json\/wp\/v2\/pages\/78\/revisions"}],"predecessor-version":[{"id":2761,"href":"https:\/\/elarriero.es\/campobasefm\/wp-json\/wp\/v2\/pages\/78\/revisions\/2761"}],"up":[{"embeddable":true,"href":"https:\/\/elarriero.es\/campobasefm\/wp-json\/wp\/v2\/pages\/1681"}],"wp:attachment":[{"href":"https:\/\/elarriero.es\/campobasefm\/wp-json\/wp\/v2\/media?parent=78"}],"curies":[{"name":"wp","href":"https:\/\/api.w.org\/{rel}","templated":true}]}}