{"id":75,"date":"2009-03-31T21:56:41","date_gmt":"2009-03-31T20:56:41","guid":{"rendered":"http:\/\/campobasefm.wordpress.com\/?page_id=75"},"modified":"2023-10-26T20:22:12","modified_gmt":"2023-10-26T18:22:12","slug":"en-directo","status":"publish","type":"page","link":"https:\/\/elarriero.es\/campobasefm\/descargas-mp3\/en-directo\/","title":{"rendered":"en directo"},"content":{"rendered":"<p style=\"text-align: justify;\"><a href=\"http:\/\/campobasefm.com\/wp-content\/uploads\/2009\/03\/microfono.gif\"><img loading=\"lazy\" decoding=\"async\" class=\"alignleft wp-image-1908 size-full\" src=\"http:\/\/elarriero.es\/campobasefm\/wp-content\/uploads\/2009\/03\/microfono.gif\" alt=\"\" width=\"120\" height=\"120\" \/><\/a>Si no resides en Granada y no puedes sintonizarnos en el <strong>99.1 FM<\/strong> del dial de tu radio, esc\u00fachanos desde cualquier parte del mundo todos los <strong>mi\u00e9rcoles de 21:00 a 23:00&#8230; <\/strong>de la noche dando al play en el reproductor de la barra lateral derecha de la p\u00e1gina.<\/p>\n<div id=\"attachment_1095\" style=\"width: 329px\" class=\"wp-caption aligncenter\"><a href=\"http:\/\/campobasefm.files.wordpress.com\/2009\/03\/locutor-cb.jpg\" target=\"_blank\" rel=\"noopener\"><img loading=\"lazy\" decoding=\"async\" aria-describedby=\"caption-attachment-1095\" class=\" wp-image-1095\" title=\"en directo en OTURA FM\" src=\"http:\/\/campobasefm.files.wordpress.com\/2009\/03\/locutor-cb.jpg\" alt=\"\" width=\"319\" height=\"239\" \/><\/a><p id=\"caption-attachment-1095\" class=\"wp-caption-text\">Buenas noches monta\u00f1eros, ellas y ellos&#8230;<\/p><\/div>\n<p style=\"text-align: justify;\">Si por alg\u00fan motivo no funcionara el reproductor, haz clic en este aparato de radio.<\/p>\n<p><a title=\"esc\u00fachanos en directo los mi\u00e9rcoles a las 21:00\" href=\"http:\/\/lokofilms.blogspot.com\/\" target=\"_blank\" rel=\"noopener\"><img loading=\"lazy\" decoding=\"async\" class=\" wp-image-1248 aligncenter\" src=\"http:\/\/campobasefm.files.wordpress.com\/2009\/03\/radio-1.jpg\" alt=\"\" width=\"207\" height=\"148\" \/><\/a><a title=\"abre el reproductor de OTURA FM\" href=\"http:\/\/oturafm.com\/online\/\" target=\"_blank\" rel=\"noopener\"><img loading=\"lazy\" decoding=\"async\" class=\"wp-image-1935 size-full aligncenter\" src=\"http:\/\/elarriero.es\/campobasefm\/wp-content\/uploads\/2009\/03\/reproductor-Otura-FM.jpg\" alt=\"\" width=\"226\" height=\"108\" \/><\/a><\/p>\n<p>&nbsp;<\/p>\n<p style=\"text-align: justify;\">Si quieres escuchar directamente el programa desde tu reproductor de m\u00fasica, pincha el el icono de <strong>Winamp o iTunes<\/strong><\/p>\n<div style=\"width: 108px\" class=\"wp-caption alignleft\"><a title=\"esc\u00fachanos en directo\" href=\"http:\/\/188.165.135.185:8012\/listen.pls\" target=\"_blank\" rel=\"noopener\"><img loading=\"lazy\" decoding=\"async\" class=\"size-full wp-image-361 \" title=\"iTunes\" src=\"http:\/\/campobasefm.files.wordpress.com\/2009\/08\/ituens-headphones-icon1.jpg\" alt=\"ituens-headphones-icon1\" width=\"98\" height=\"96\" \/><\/a><p class=\"wp-caption-text\">iTunes<\/p><\/div>\n<div class=\"mceTemp\">\n<div id=\"attachment_1098\" style=\"width: 89px\" class=\"wp-caption alignright\"><a title=\"conectados ahora a OTURA FM v\u00eda internet\" href=\"http:\/\/188.165.135.185:8012\/index.html\" target=\"_blank\" rel=\"noopener\"><img loading=\"lazy\" decoding=\"async\" aria-describedby=\"caption-attachment-1098\" class=\"size-thumbnail wp-image-1098 \" title=\"streaming\" src=\"http:\/\/campobasefm.files.wordpress.com\/2009\/03\/streaming_esq.jpg?w=145\" alt=\"\" width=\"79\" height=\"83\" \/><\/a><p id=\"caption-attachment-1098\" class=\"wp-caption-text\">Streaming<\/p><\/div>\n<div style=\"width: 106px\" class=\"wp-caption aligncenter\"><a title=\"esc\u00fachanos en directo\" href=\"http:\/\/188.165.135.185:8012\/listen.pls\" target=\"_blank\" rel=\"noopener\"><img loading=\"lazy\" decoding=\"async\" class=\"size-full wp-image-360 \" title=\"Winamp\" src=\"http:\/\/campobasefm.files.wordpress.com\/2009\/08\/winamp.jpeg\" alt=\"winamp\" width=\"96\" height=\"96\" \/><\/a><p class=\"wp-caption-text\">Winamp<\/p><\/div>\n<p style=\"text-align: left;\">\n<\/div>\n","protected":false},"excerpt":{"rendered":"<p>Si no resides en Granada y no puedes sintonizarnos en el 99.1 FM del dial de tu radio, esc\u00fachanos desde cualquier parte del mundo todos los mi\u00e9rcoles de 21:00 a 23:00&#8230; de la noche dando al play en el reproductor de la barra lateral derecha de la p\u00e1gina. Si por alg\u00fan motivo no funcionara el [&hellip;]<\/p>\n","protected":false},"author":2,"featured_media":0,"parent":104,"menu_order":4,"comment_status":"open","ping_status":"closed","template":"","meta":{"om_disable_all_campaigns":false,"_monsterinsights_skip_tracking":false,"_monsterinsights_sitenote_active":false,"_monsterinsights_sitenote_note":"","_monsterinsights_sitenote_category":0,"footnotes":""},"class_list":["post-75","page","type-page","status-publish","hentry"],"aioseo_notices":[],"_links":{"self":[{"href":"https:\/\/elarriero.es\/campobasefm\/wp-json\/wp\/v2\/pages\/75","targetHints":{"allow":["GET"]}}],"collection":[{"href":"https:\/\/elarriero.es\/campobasefm\/wp-json\/wp\/v2\/pages"}],"about":[{"href":"https:\/\/elarriero.es\/campobasefm\/wp-json\/wp\/v2\/types\/page"}],"author":[{"embeddable":true,"href":"https:\/\/elarriero.es\/campobasefm\/wp-json\/wp\/v2\/users\/2"}],"replies":[{"embeddable":true,"href":"https:\/\/elarriero.es\/campobasefm\/wp-json\/wp\/v2\/comments?post=75"}],"version-history":[{"count":7,"href":"https:\/\/elarriero.es\/campobasefm\/wp-json\/wp\/v2\/pages\/75\/revisions"}],"predecessor-version":[{"id":3014,"href":"https:\/\/elarriero.es\/campobasefm\/wp-json\/wp\/v2\/pages\/75\/revisions\/3014"}],"up":[{"embeddable":true,"href":"https:\/\/elarriero.es\/campobasefm\/wp-json\/wp\/v2\/pages\/104"}],"wp:attachment":[{"href":"https:\/\/elarriero.es\/campobasefm\/wp-json\/wp\/v2\/media?parent=75"}],"curies":[{"name":"wp","href":"https:\/\/api.w.org\/{rel}","templated":true}]}}