{"id":700,"date":"2010-03-12T18:13:50","date_gmt":"2010-03-12T16:13:50","guid":{"rendered":"http:\/\/campobasefm.wordpress.com\/cb\/"},"modified":"2023-11-09T21:11:22","modified_gmt":"2023-11-09T19:11:22","slug":"cb","status":"publish","type":"page","link":"https:\/\/elarriero.es\/campobasefm\/cb\/","title":{"rendered":"novedades"},"content":{"rendered":"\n<h3 class=\"wp-block-heading\">Por motivos laborales de nuestro locutor, iniciaremos la nueva temporada en enero de 2012.<\/h3>\n\n\n\n<h3 class=\"wp-block-heading\">Os pedimos disculpas por este retraso<\/h3>\n\n\n\n<hr class=\"wp-block-separator has-alpha-channel-opacity\"\/>\n\n\n\n<h4 class=\"wp-block-heading\"><\/h4>\n\n\n\n<h4 class=\"wp-block-heading\"><strong>15\/12\/2011<\/strong><\/h4>\n\n\n\n<p><span class=\"messageBody\">Actualizadas fotos Refugio Poqueira <a href=\"http:\/\/refugiopoqueira.com\/informe-semanal-de-condiciones-29122011\/\" target=\"_blank\" rel=\"noopener\">http:\/\/refugiopoqueira.com\/informe-semanal-de-condiciones-29122011\/<\/a><\/span><\/p>\n\n\n\n<hr class=\"wp-block-separator has-alpha-channel-opacity\"\/>\n\n\n\n<div>\n<div>\n<p><strong> 25\/05\/2011 &nbsp;&nbsp;&nbsp;&nbsp;&nbsp;&nbsp;&nbsp;&nbsp;&nbsp;&nbsp;&nbsp;&nbsp;&nbsp;&nbsp;&nbsp;&nbsp;&nbsp;&nbsp;&nbsp;&nbsp;&nbsp;&nbsp;&nbsp;&nbsp;&nbsp;&nbsp;&nbsp;&nbsp;&nbsp;&nbsp;&nbsp;&nbsp;&nbsp;&nbsp;&nbsp;&nbsp;&nbsp;&nbsp;&nbsp;&nbsp;&nbsp;&nbsp;&nbsp;&nbsp;&nbsp; <a title=\"descarga programa 25\/05\/2011\" href=\"http:\/\/elarriero.es\/campobasefm\/wp-content\/uploads\/2023\/10\/CAMPO-BASE-P71_25-05-2011_.mp3\" target=\"_blank\" rel=\"noopener\">Descarga P71<\/a><\/strong><\/p>\n<p>&nbsp;<\/p>\n<p>&nbsp;<\/p>\n<p><\/p><\/div><\/div>\n\n\n\n<figure class=\"wp-block-audio\"><audio controls src=\"http:\/\/elarriero.es\/campobasefm\/wp-content\/uploads\/2023\/10\/CAMPO-BASE-P71_25-05-2011_.mp3\"><\/audio><\/figure>\n\n\n\n<p>Sumario<\/p>\n\n\n\n<p><em>S.O.S <\/em><strong>Lhotse o la historia casi se repite&#8230;\u00a1pasen y oigan! <\/strong>con Juanito Oiarzabal, Lolo Gonz\u00e1lez, Sebasti\u00e1n \u00c1lvaro, Carlos Soria, Dar\u00edo Rodr\u00edguez.<\/p>\n\n\n\n<p><em>A meter pi\u00f1ones <strong>Conexi\u00f3n en directo ruta nocturna BTT por Santa F\u00e9.<\/strong><\/em><\/p>\n\n\n\n<p><em>Al sur de Granada <\/em><strong>I Ruta cicloturista en MTB Motril-Granada.<\/strong><\/p>\n\n\n\n<p><em>As\u00f3mate al Sulayr <\/em><strong>Actualidad sobre el \u201cSulayr\u201d.<\/strong><\/p>\n\n\n\n<p><em>Desde la Atalaya <\/em><strong>La Patagonia<\/strong> por Leonardo Tudanca.<\/p>\n\n\n\n<p><em>La monta\u00f1a <\/em><strong>Lafaille y Makalu.<\/strong><\/p>\n\n\n\n<p><em>Elige t\u00fa que canto yo <strong>Nuestros oyentes eligen su canci\u00f3n favorita<\/strong><\/em><strong>.<\/strong><\/p>\n\n\n\n<p><em>Saludo Compay <\/em><strong>Para saludar, felicitar o lo que vosotros quer\u00e1is.<\/strong><\/p>\n\n\n\n<div>\n<p><em>De Meteo <\/em><strong>El tiempo&nbsp; y Conexiones refugios guardados de Sierra Nevada.<\/strong><\/p>\n<p>Rafa Quintero en el Poqueira<\/p>\n<p>Pedro Zamora en el Postero Alto<\/p>\n<\/div>\n\n\n\n<hr class=\"wp-block-separator has-alpha-channel-opacity\"\/>\n\n\n\n<div>\n<div>\n<div>\n<div>\n<div><hr><\/div>\n<\/div>\n<\/div>\n<\/div>\n<\/div>\n\n\n<div class=\"wp-block-image\">\n<figure class=\"alignleft\"><a href=\"http:\/\/www.mozilla-europe.org\/es\/firefox\/\"><img decoding=\"async\" src=\"http:\/\/campobasefm.com\/wp-content\/uploads\/2010\/03\/mozilla_firefox-1.png\" alt=\"\" class=\"wp-image-2144\"\/><\/a><\/figure>\n<\/div>\n\n\n<p>Ante los mensajes recibidos por parte de algunos oyentes que est\u00e1n teniendo problemas para acceder a la p\u00e1gina desde Intenet Explorer, <strong>recomendamos como navegador <a title=\"clic aqu\u00ed\" href=\"http:\/\/download.mozilla.org\/?product=firefox-3.6.10&amp;os=win&amp;lang=es-ES\" target=\"_blank\" rel=\"noopener\">Mozilla Firefox<\/a><\/strong>, es gratuito, muy f\u00e1cil de instalar y m\u00e1s r\u00e1pido y seguro que Internet Explorer. La p\u00e1gina de Campo Base FM est\u00e1 testada sobre este navegador.<\/p>\n\n\n<div class=\"wp-block-image\">\n<figure class=\"aligncenter\"><a href=\"http:\/\/campobasefm.com\/wp-content\/uploads\/2010\/03\/navegadores-20-10-2010.jpg\"><img decoding=\"async\" src=\"http:\/\/campobasefm.com\/wp-content\/uploads\/2010\/03\/navegadores-20-10-2010-1024x179.jpg\" alt=\"\" class=\"wp-image-2149\"\/><\/a><figcaption class=\"wp-element-caption\">Estad\u00edstica interna de navegadores en Campo Base FM<\/figcaption><\/figure>\n<\/div>\n\n\n<div id=\"_mcePaste\" style=\"position: absolute; left: -10000px; top: 0px; width: 1px; height: 1px; overflow: hidden;\">\n<p><em><span style=\"font-size: 10pt; font-family: &amp;amp; amp; color: #4f6228;\">Pablo Garc\u00eda Carmona.<\/span><\/em><\/p>\n<p><em><span style=\"font-size: 10pt; font-family: &amp;amp; amp; color: #4f6228;\">Comit\u00e9 Andaluz de Refugios.<\/span><\/em><\/p>\n<p><em><span style=\"font-size: 10pt; font-family: &amp;amp; amp; color: #4f6228;\">Federaci\u00f3n Andaluza de Monta\u00f1ismo.<\/span><\/em><\/p>\n<\/div>\n","protected":false},"excerpt":{"rendered":"<p>Por motivos laborales de nuestro locutor, iniciaremos la nueva temporada en enero de 2012. Os pedimos disculpas por este retraso 15\/12\/2011 Actualizadas fotos Refugio Poqueira http:\/\/refugiopoqueira.com\/informe-semanal-de-condiciones-29122011\/ 25\/05\/2011 &nbsp;&nbsp;&nbsp;&nbsp;&nbsp;&nbsp;&nbsp;&nbsp;&nbsp;&nbsp;&nbsp;&nbsp;&nbsp;&nbsp;&nbsp;&nbsp;&nbsp;&nbsp;&nbsp;&nbsp;&nbsp;&nbsp;&nbsp;&nbsp;&nbsp;&nbsp;&nbsp;&nbsp;&nbsp;&nbsp;&nbsp;&nbsp;&nbsp;&nbsp;&nbsp;&nbsp;&nbsp;&nbsp;&nbsp;&nbsp;&nbsp;&nbsp;&nbsp;&nbsp;&nbsp; Descarga P71 &nbsp; &nbsp; Sumario S.O.S Lhotse o la historia casi se repite&#8230;\u00a1pasen y oigan! con Juanito Oiarzabal, Lolo Gonz\u00e1lez, Sebasti\u00e1n \u00c1lvaro, Carlos Soria, Dar\u00edo Rodr\u00edguez. A [&hellip;]<\/p>\n","protected":false},"author":2,"featured_media":0,"parent":0,"menu_order":0,"comment_status":"open","ping_status":"open","template":"","meta":{"om_disable_all_campaigns":false,"_monsterinsights_skip_tracking":false,"_monsterinsights_sitenote_active":false,"_monsterinsights_sitenote_note":"","_monsterinsights_sitenote_category":0,"footnotes":""},"class_list":["post-700","page","type-page","status-publish","hentry"],"aioseo_notices":[],"_links":{"self":[{"href":"https:\/\/elarriero.es\/campobasefm\/wp-json\/wp\/v2\/pages\/700","targetHints":{"allow":["GET"]}}],"collection":[{"href":"https:\/\/elarriero.es\/campobasefm\/wp-json\/wp\/v2\/pages"}],"about":[{"href":"https:\/\/elarriero.es\/campobasefm\/wp-json\/wp\/v2\/types\/page"}],"author":[{"embeddable":true,"href":"https:\/\/elarriero.es\/campobasefm\/wp-json\/wp\/v2\/users\/2"}],"replies":[{"embeddable":true,"href":"https:\/\/elarriero.es\/campobasefm\/wp-json\/wp\/v2\/comments?post=700"}],"version-history":[{"count":6,"href":"https:\/\/elarriero.es\/campobasefm\/wp-json\/wp\/v2\/pages\/700\/revisions"}],"predecessor-version":[{"id":3138,"href":"https:\/\/elarriero.es\/campobasefm\/wp-json\/wp\/v2\/pages\/700\/revisions\/3138"}],"wp:attachment":[{"href":"https:\/\/elarriero.es\/campobasefm\/wp-json\/wp\/v2\/media?parent=700"}],"curies":[{"name":"wp","href":"https:\/\/api.w.org\/{rel}","templated":true}]}}