{"id":1940,"date":"2010-08-25T11:02:59","date_gmt":"2010-08-25T09:02:59","guid":{"rendered":"http:\/\/campobasefm.com\/"},"modified":"2023-11-09T20:21:45","modified_gmt":"2023-11-09T18:21:45","slug":"editorial","status":"publish","type":"page","link":"https:\/\/elarriero.es\/campobasefm\/cb\/editorial\/","title":{"rendered":"editorial"},"content":{"rendered":"<p style=\"text-align: justify;\"><img loading=\"lazy\" decoding=\"async\" class=\"alignnone wp-image-1944 size-full\" title=\"pluma\" src=\"http:\/\/elarriero.es\/campobasefm\/wp-content\/uploads\/2010\/08\/pluma.jpg\" alt=\"\" width=\"266\" height=\"189\" \/>Abrimos un espacio donde Campo Base FM inicia su linea editorial. Sin periodicidad obligada, iremos publicando reflexiones, an\u00e1lisis y opiniones sobre todo lo relacionado con nuestra pasi\u00f3n: la monta\u00f1a y el monta\u00f1ismo.<\/p>\n<p style=\"text-align: justify;\">Un lugar que tambi\u00e9n est\u00e1 abierto a vosotros, queridos oyentes, en el que pod\u00e9is dejar vuestros comentarios o enviarnos textos a publicar.<\/p>\n<h6>Editorial 2<\/h6>\n<h5>octubre de 2010<\/h5>\n<h4>Carlos Soria: unos ojos llenos de luz.<\/h4>\n<p style=\"text-align: justify;\"><a href=\"http:\/\/elarriero.es\/campobasefm\/cb\/editorial\/dscn0904-1024x768\/\" target=\"_blank\" rel=\"noopener\"><img loading=\"lazy\" decoding=\"async\" class=\"alignleft wp-image-3125 size-medium\" src=\"http:\/\/elarriero.es\/campobasefm\/wp-content\/uploads\/2023\/11\/DSCN0904-1024x768-1-300x225.jpg\" alt=\"\" width=\"300\" height=\"225\" srcset=\"https:\/\/elarriero.es\/campobasefm\/wp-content\/uploads\/2023\/11\/DSCN0904-1024x768-1-300x225.jpg 300w, https:\/\/elarriero.es\/campobasefm\/wp-content\/uploads\/2023\/11\/DSCN0904-1024x768-1-768x576.jpg 768w, https:\/\/elarriero.es\/campobasefm\/wp-content\/uploads\/2023\/11\/DSCN0904-1024x768-1-508x381.jpg 508w, https:\/\/elarriero.es\/campobasefm\/wp-content\/uploads\/2023\/11\/DSCN0904-1024x768-1.jpg 1024w\" sizes=\"auto, (max-width: 300px) 100vw, 300px\" \/><\/a>La primera vez que vi en persona a Carlos Soria fue en unas <a href=\"http:\/\/clubcima2000.com\/\" target=\"_blank\" rel=\"noopener\">J<\/a><a href=\"http:\/\/clubcima2000.com\/\" target=\"_blank\" rel=\"noopener\">ornadas de Monta\u00f1a en Cabra (C\u00f3rdoba)<\/a>, all\u00ed expuso de manera entretenida, muy cercana, y llena de an\u00e9cdotas su trayectoria como monta\u00f1ero, escalador y alpinista. Recuerdo que estaba a punto de jubilarse y dec\u00eda que cuando lo hiciera se iba a tomar en serio esto del alpinismo porque iba a tener todo el tiempo del mundo. El que haya asistido a una de estas conferencias de D. Carlos sabr\u00e1 el tono ir\u00f3nico y socarr\u00f3n con que dice estas y otras cosas.<\/p>\n<p style=\"text-align: justify;\">Un hombre menudo, mayor, curtido en mil monta\u00f1as y aventuras\u2026esa fue la primera impresi\u00f3n que me llev\u00e9 de \u00e9l. Pero hubo un rasgo que me llam\u00f3 poderosamente la atenci\u00f3n, sus ojos, peque\u00f1os, llenos de luz, brillaban con fuerza en aquel Cinestudio de Cabra. Unos ojos que contaban las historias como lo hacen los ojos de un ni\u00f1o, cargados de ilusi\u00f3n, magia y energ\u00eda. Una mirada curiosa y luminosa.<\/p>\n<p style=\"text-align: justify;\">Ese d\u00eda pens\u00e9 que hab\u00eda descubierto el secreto de una persona que estaba a punto de jubilarse, y que ten\u00eda m\u00e1s ilusi\u00f3n y ganas por subir monta\u00f1as que muchos de los j\u00f3venes y no tan j\u00f3venes que nos encontr\u00e1bamos all\u00ed escuchando con atenci\u00f3n.<\/p>\n<p style=\"text-align: justify;\">Hace pocos d\u00edas D. Carlos, cumpliendo aquello de que <em>\u201ca partir de estar jubilado me lo voy a tomar en serio\u201d<\/em>, ha destapado el tarro de las esencias a los 71 a\u00f1os y se ha encaramado a lo alto del Manaslu, a 8.163 metros sobre el nivel del mar, donde la mayor\u00eda de sus coet\u00e1neos \u2013 los que sigan vivos \u2013 se encuentran intentando mitigar sus dolencias en c\u00e1lidas playas o balnearios.<\/p>\n<p style=\"text-align: justify;\">Me puedo imaginar a este veterano monta\u00f1ero \u201ctirando\u201d para arriba en el Himalaya, empujado por la ilusi\u00f3n y el coraje; motivado por sus ganas de vivir; de seguir haciendo lo que sabe hacer: escalar, trepar, ascender.<\/p>\n<p style=\"text-align: justify;\">Me puedo imaginar a D. Carlos Soria en esos metros finales con unos ojos llenos de luz y de l\u00e1grimas. Dando gracias por estar all\u00ed, feliz con la mirada \u00a0iluminada por la belleza de una cumbre y sus vistas.<\/p>\n<p style=\"text-align: justify;\">Me puedo imaginar a una cumbre sorprendida y deslumbrada por los ojos de un monta\u00f1ero, viejo y joven a la vez, que no deb\u00eda estar all\u00ed pero que estuvo.<\/p>\n<p style=\"text-align: justify;\">PS: este caballero de la monta\u00f1a s\u00ed que es un ejemplo para las nuevas generaciones, para cualquier generaci\u00f3n. Un modelo de constancia; de af\u00e1n; de superaci\u00f3n; de lucha; de motivaci\u00f3n y ganas; de ilusi\u00f3n y coraje; de pundonor; de luz, de mucha luz.<\/p>\n<p style=\"text-align: justify;\">Pero claro, este tipo de historias y este tipo de personas no interesan ni a los medios , ni a las instituciones, ni a la sociedad en general\u2026tenemos lo que nos merecemos.<\/p>\n<p style=\"text-align: right;\">J.L.Y.<\/p>\n<hr \/>\n<h6 style=\"text-align: left;\">Editorial 1<\/h6>\n<h5 style=\"text-align: left;\">agosto de 2010<\/h5>\n<h4 style=\"text-align: left;\">M\u00e1s que un deporte<\/h4>\n<p style=\"text-align: justify;\"><a href=\"http:\/\/elarriero.es\/campobasefm\/dscn1257\/\" target=\"_blank\" rel=\"noopener\"><img loading=\"lazy\" decoding=\"async\" class=\"alignleft wp-image-1880 size-medium\" title=\"sombras\" src=\"http:\/\/elarriero.es\/campobasefm\/wp-content\/uploads\/2010\/03\/DSCN1257-300x225.jpg\" alt=\"\" width=\"300\" height=\"225\" srcset=\"https:\/\/elarriero.es\/campobasefm\/wp-content\/uploads\/2010\/03\/DSCN1257-300x225.jpg 300w, https:\/\/elarriero.es\/campobasefm\/wp-content\/uploads\/2010\/03\/DSCN1257-1024x768.jpg 1024w, https:\/\/elarriero.es\/campobasefm\/wp-content\/uploads\/2010\/03\/DSCN1257-768x576.jpg 768w, https:\/\/elarriero.es\/campobasefm\/wp-content\/uploads\/2010\/03\/DSCN1257-1536x1152.jpg 1536w, https:\/\/elarriero.es\/campobasefm\/wp-content\/uploads\/2010\/03\/DSCN1257-2048x1536.jpg 2048w, https:\/\/elarriero.es\/campobasefm\/wp-content\/uploads\/2010\/03\/DSCN1257-1568x1176.jpg 1568w\" sizes=\"auto, (max-width: 300px) 100vw, 300px\" \/><\/a>Termina julio, un mes que se recordar\u00e1 como el de los \u00e9xitos del deporte espa\u00f1ol: f\u00fatbol, tenis, ciclismo, motociclismo, automovilismo&#8230;y nosotros, \u00bfpor d\u00f3nde andamos?&#8230;entre cuerdas, botas, pies de gato, mosquetones, cascos, mochilas, piolets, mapas, monta\u00f1as, barrancos, cuevas, paredes&#8230;<\/p>\n<p style=\"text-align: justify;\">Salvo en las grandes campa\u00f1as medi\u00e1ticas himal\u00e1yicas, el monta\u00f1ismo, en el sentido global de la palabra, no existe. Bueno, con las desgracias, los accidentes y las muertes tambi\u00e9n es conocido, pero en todo lo dem\u00e1s no existimos para el com\u00fan de los mortales.<\/p>\n<p style=\"text-align: justify;\">En este mes de julio que finaliza, tres espa\u00f1oles, I\u00f1urrategui, Vallejo y Zabalza dan un paso m\u00e1s en el Broad Peak, una actividad puntera en el alpinismo internacional. Kilian Jornet se convierte en el mejor del mundo en su especialidad, correr r\u00e1pido por las monta\u00f1as. Ramonet escala mejor que nadie en Chamonix, cuna del alpinismo&#8230;y as\u00ed podr\u00edamos seguir con nombres propios dedicados al alto rendimiento&#8230;Pero tambi\u00e9n hay muchos an\u00f3nimos, la base de todo esto, que dedican tiempo, esfuerzo y dinero a su pasi\u00f3n, a su deporte, a su vida. Este verano miles de personas est\u00e1n en la monta\u00f1a, dentro y fuera de Espa\u00f1a, cada uno en lo suyo, cada cual en su lugar, pero todos en la monta\u00f1a, con el monta\u00f1ismo.<\/p>\n<p style=\"text-align: justify;\">Iniciativas como SOS Himalaya, inspirada en memoria de I\u00f1aki Ochoa de Olza, y asociaciones como la espa\u00f1ola de Alpinistas con c\u00e1ncer, son el reflejo de valores fundamentales del monta\u00f1ismo, o, al menos, deber\u00edan serlo.<\/p>\n<p>No somos especiales, ni mejores ni peores, pero s\u00ed distintos.<\/p>\n<p>Reivindiquemos nuestra actividad,<strong> el monta\u00f1ismo, mucho m\u00e1s que un deporte.<\/strong><\/p>\n<p style=\"text-align: right;\">J.L.Y.<strong><br \/>\n<\/strong><\/p>\n","protected":false},"excerpt":{"rendered":"<p>Abrimos un espacio donde Campo Base FM inicia su linea editorial. Sin periodicidad obligada, iremos publicando reflexiones, an\u00e1lisis y opiniones sobre todo lo relacionado con nuestra pasi\u00f3n: la monta\u00f1a y el monta\u00f1ismo. Un lugar que tambi\u00e9n est\u00e1 abierto a vosotros, queridos oyentes, en el que pod\u00e9is dejar vuestros comentarios o enviarnos textos a publicar. Editorial [&hellip;]<\/p>\n","protected":false},"author":2,"featured_media":0,"parent":700,"menu_order":0,"comment_status":"open","ping_status":"open","template":"","meta":{"om_disable_all_campaigns":false,"_monsterinsights_skip_tracking":false,"_monsterinsights_sitenote_active":false,"_monsterinsights_sitenote_note":"","_monsterinsights_sitenote_category":0,"footnotes":""},"class_list":["post-1940","page","type-page","status-publish","hentry"],"aioseo_notices":[],"_links":{"self":[{"href":"https:\/\/elarriero.es\/campobasefm\/wp-json\/wp\/v2\/pages\/1940","targetHints":{"allow":["GET"]}}],"collection":[{"href":"https:\/\/elarriero.es\/campobasefm\/wp-json\/wp\/v2\/pages"}],"about":[{"href":"https:\/\/elarriero.es\/campobasefm\/wp-json\/wp\/v2\/types\/page"}],"author":[{"embeddable":true,"href":"https:\/\/elarriero.es\/campobasefm\/wp-json\/wp\/v2\/users\/2"}],"replies":[{"embeddable":true,"href":"https:\/\/elarriero.es\/campobasefm\/wp-json\/wp\/v2\/comments?post=1940"}],"version-history":[{"count":5,"href":"https:\/\/elarriero.es\/campobasefm\/wp-json\/wp\/v2\/pages\/1940\/revisions"}],"predecessor-version":[{"id":3131,"href":"https:\/\/elarriero.es\/campobasefm\/wp-json\/wp\/v2\/pages\/1940\/revisions\/3131"}],"up":[{"embeddable":true,"href":"https:\/\/elarriero.es\/campobasefm\/wp-json\/wp\/v2\/pages\/700"}],"wp:attachment":[{"href":"https:\/\/elarriero.es\/campobasefm\/wp-json\/wp\/v2\/media?parent=1940"}],"curies":[{"name":"wp","href":"https:\/\/api.w.org\/{rel}","templated":true}]}}