{"id":1681,"date":"2010-07-14T21:03:07","date_gmt":"2010-07-14T19:03:07","guid":{"rendered":"http:\/\/campobasefm.com"},"modified":"2023-10-25T19:18:32","modified_gmt":"2023-10-25T17:18:32","slug":"equipo","status":"publish","type":"page","link":"https:\/\/elarriero.es\/campobasefm\/equipo\/","title":{"rendered":"equipo"},"content":{"rendered":"<p><strong><img loading=\"lazy\" decoding=\"async\" class=\"size-medium wp-image-1919 alignleft\" src=\"http:\/\/elarriero.es\/campobasefm\/wp-content\/uploads\/2010\/07\/EQUIPO-266x300.jpg\" alt=\"\" width=\"266\" height=\"300\" srcset=\"https:\/\/elarriero.es\/campobasefm\/wp-content\/uploads\/2010\/07\/EQUIPO-266x300.jpg 266w, https:\/\/elarriero.es\/campobasefm\/wp-content\/uploads\/2010\/07\/EQUIPO.jpg 685w\" sizes=\"auto, (max-width: 266px) 100vw, 266px\" \/>Campo Base<\/strong><\/p>\n<p style=\"text-align: justify;\"><strong>Tu punto de encuentro en la frecuencia monta\u00f1era<\/strong><\/p>\n<p style=\"text-align: justify;\">Un programa de Monta\u00f1a con vocaci\u00f3n de servicio p\u00fablico, con un marcado caracter formativo, divulgativo y de promoci\u00f3n. Un nuevo espacio radiof\u00f3nico, creemos que el primero en Granada dedicado exclusivamente a la monta\u00f1a, en el que van a tener cabida todas las actividades relacionadas con este apasionante mundo. Habr\u00e1 entrevistas, informaci\u00f3n t\u00e9cnica, sobre meteorolog\u00eda, seguridad en monta\u00f1a. Temas de fauna y flora, defensa y educaci\u00f3n medioambiental. Algo de m\u00fasica, secciones fijas, literatura de monta\u00f1a\u2026y un sinf\u00edn de contenidos e ideas que tenemos sobre la mesa. Un proyecto radiof\u00f3nico novedoso que pretende ocupar un vac\u00edo en la radio granadina con un espacio dedicado exclusivamente a la monta\u00f1a.<\/p>\n<ul style=\"text-align: justify;\">Guiado por<\/ul>\n<p><strong>Jes\u00fas Labajo Yuste<\/strong><\/p>\n<p>Colaboradores:<\/p>\n<ul style=\"text-align: justify;\">\n<li><strong>Pablo Galdo<\/strong> en \u201cMonta\u00f1a sostenible\u201d.<\/li>\n<li><strong>F\u00e9lix Caballero<\/strong> en el <em>\u201cPrimero de cuerda\u201d<\/em>.<\/li>\n<li><strong>Dani Meis<\/strong> en <em>\u201cA pie de v\u00eda\u201d<\/em>.<\/li>\n<li><strong>Antonio Espejo<\/strong> en <em>\u201cGran angular\u201d<\/em>.<\/li>\n<li><strong>Rafa Gan <\/strong>en <em>\u201cAl sur de Granada\u201d<\/em>. <a title=\"rutas al sur de Granada\" href=\"http:\/\/rafatours.com\/\" target=\"_blank\" rel=\"noopener\">Visita su p\u00e1gina web.<\/a><\/li>\n<li><strong>Ram\u00f3n Serrano <\/strong>en <em>\u201cA meter pi\u00f1ones\u201d<\/em><strong>. <\/strong><a title=\"granabike\" href=\"http:\/\/www.granabike.com\/\" target=\"_blank\" rel=\"noopener\">Visita su p\u00e1gina web<\/a>.<\/li>\n<li><strong>Salvador Garc\u00eda <\/strong>en <em>\u201cfedamon.com\u201d. <\/em><a title=\"F.A.M.\" href=\"http:\/\/www.fedamon.com\/\" target=\"_blank\" rel=\"noopener\">Visita fedamon.com.<\/a><\/li>\n<li><strong>Rafael Quintero<\/strong> en <em>\u201cDe meteo\u201d<\/em> Refugio Poqueira. <a href=\"http:\/\/refugiopoqueira.com\/\" target=\"_blank\" rel=\"noopener\">Visita su p\u00e1gina web<\/a><\/li>\n<li><strong>Pedro Zamora <\/strong>en <em>\u201cDe meteo\u201d <\/em>Refugio Postero Alto. <a title=\"Postero Alto\" href=\"http:\/\/www.refugioposteroalto.es\/\" target=\"_blank\" rel=\"noopener\">Visita su p\u00e1gina web<\/a>.<\/li>\n<li><strong>Israel Rodr\u00edguez <\/strong>en <em>\u201cDe meteo\u201d<\/em> El tiempo de Xcorpi\u00f3n.<\/li>\n<li><strong>Antonio G\u00e1mez<\/strong> en <em>\u201cLas rutas del T\u00edo Seguro\u201d<\/em>.<\/li>\n<li><strong>Jorge Garz\u00f3n<\/strong> en <em>\u00abAs\u00f3mate al Sulayr\u00bb<\/em>. <a href=\"http:\/\/www.senderosulayr.es\/\" target=\"_blank\" rel=\"noopener\">Visita su p\u00e1gina web.<\/a><\/li>\n<li><strong>Pedro Partal<\/strong> en \u00ab<em>S.O.S.<\/em>\u00bb <a title=\"Encorda2: un blog dedicado a la seguridad en monta\u00f1a.\" href=\"http:\/\/encorda2.com\/\" target=\"_blank\" rel=\"noopener\">Visita su p\u00e1gina web.<\/a><\/li>\n<li><strong>Javier Martin de Villa<\/strong> en \u00ab<em>Territorio zig-zag\u00bb<\/em>. <a href=\"http:\/\/www.dynafit.es\/acci-n-eventos\/team\/martin-de-villa.html\" target=\"_blank\" rel=\"noopener\">En Dynafit<\/a> <a href=\"http:\/\/en.wikipedia.org\/wiki\/Javier_Mart%C3%ADn_de_Villa\" target=\"_blank\" rel=\"noopener\">En wikipedia<\/a><\/li>\n<\/ul>\n<ul style=\"text-align: justify;\">\n<li>\u201cLa monta\u00f1a\u201d de <strong>Virginia Gil Su\u00e1rez<\/strong>, son espacios radiof\u00f3nicos extra\u00eddos de la <a title=\"Virginia Gil Su\u00e1rez\" href=\"http:\/\/www.virginiagilsuarez.es\/\" target=\"_blank\" rel=\"noopener\">web<\/a> p\u00fablica de la autora.<\/li>\n<\/ul>\n<p>&nbsp;<\/p>\n<p>Nos pod\u00e9is escuchar todos los <strong>mi\u00e9rcoles<\/strong> de<strong> 9 a 11<\/strong> de la <strong>noche<\/strong> en el 99.1 FM o en <strong><a title=\"Otura FM\" href=\"http:\/\/oturafm.com\/online\/\" target=\"_blank\" rel=\"noopener\">OTURA FM.<\/a><\/strong><\/p>\n<ul style=\"text-align: justify;\">\n<li style=\"list-style-type: none;\"><\/li>\n<\/ul>\n<p>&nbsp;<\/p>\n","protected":false},"excerpt":{"rendered":"<p>Campo Base Tu punto de encuentro en la frecuencia monta\u00f1era Un programa de Monta\u00f1a con vocaci\u00f3n de servicio p\u00fablico, con un marcado caracter formativo, divulgativo y de promoci\u00f3n. Un nuevo espacio radiof\u00f3nico, creemos que el primero en Granada dedicado exclusivamente a la monta\u00f1a, en el que van a tener cabida todas las actividades relacionadas con [&hellip;]<\/p>\n","protected":false},"author":2,"featured_media":0,"parent":0,"menu_order":2,"comment_status":"open","ping_status":"open","template":"","meta":{"om_disable_all_campaigns":false,"_monsterinsights_skip_tracking":false,"_monsterinsights_sitenote_active":false,"_monsterinsights_sitenote_note":"","_monsterinsights_sitenote_category":0,"footnotes":""},"class_list":["post-1681","page","type-page","status-publish","hentry"],"aioseo_notices":[],"_links":{"self":[{"href":"https:\/\/elarriero.es\/campobasefm\/wp-json\/wp\/v2\/pages\/1681","targetHints":{"allow":["GET"]}}],"collection":[{"href":"https:\/\/elarriero.es\/campobasefm\/wp-json\/wp\/v2\/pages"}],"about":[{"href":"https:\/\/elarriero.es\/campobasefm\/wp-json\/wp\/v2\/types\/page"}],"author":[{"embeddable":true,"href":"https:\/\/elarriero.es\/campobasefm\/wp-json\/wp\/v2\/users\/2"}],"replies":[{"embeddable":true,"href":"https:\/\/elarriero.es\/campobasefm\/wp-json\/wp\/v2\/comments?post=1681"}],"version-history":[{"count":6,"href":"https:\/\/elarriero.es\/campobasefm\/wp-json\/wp\/v2\/pages\/1681\/revisions"}],"predecessor-version":[{"id":2915,"href":"https:\/\/elarriero.es\/campobasefm\/wp-json\/wp\/v2\/pages\/1681\/revisions\/2915"}],"wp:attachment":[{"href":"https:\/\/elarriero.es\/campobasefm\/wp-json\/wp\/v2\/media?parent=1681"}],"curies":[{"name":"wp","href":"https:\/\/api.w.org\/{rel}","templated":true}]}}