{"id":1665,"date":"2010-07-14T01:56:10","date_gmt":"2010-07-13T23:56:10","guid":{"rendered":"http:\/\/campobasefm.com"},"modified":"2023-10-26T20:07:42","modified_gmt":"2023-10-26T18:07:42","slug":"publicidad","status":"publish","type":"page","link":"https:\/\/elarriero.es\/campobasefm\/publicidad\/","title":{"rendered":"publicidad"},"content":{"rendered":"<p><a href=\"http:\/\/campobasefm.com\/wp-content\/uploads\/2010\/07\/monta\u00f1a-curiosacolor.jpg\"><img loading=\"lazy\" decoding=\"async\" class=\"alignleft wp-image-1691 size-medium\" title=\"promocione su marca en Campo Base\" src=\"http:\/\/elarriero.es\/campobasefm\/wp-content\/uploads\/2010\/07\/montana-curiosacolor-300x286.jpg\" alt=\"\" width=\"300\" height=\"286\" srcset=\"https:\/\/elarriero.es\/campobasefm\/wp-content\/uploads\/2010\/07\/montana-curiosacolor-300x286.jpg 300w, https:\/\/elarriero.es\/campobasefm\/wp-content\/uploads\/2010\/07\/montana-curiosacolor.jpg 302w\" sizes=\"auto, (max-width: 300px) 100vw, 300px\" \/><\/a>En Campo Base, a partir de este mes de julio, le ofrecemos la posibilidad de <strong>promocionar su marca, productos y servicios<\/strong> a trav\u00e9s de nuestros <strong>espacios publicitarios<\/strong> con las siguientes posibilidades:<\/p>\n<p><strong>*\u00a0 Banner,<\/strong> con el logo de su marca,<strong> en nuestra p\u00e1gina web con enlace directo a la web de su\u00a0 empresa.<\/strong><\/p>\n<p><strong> *\u00a0 Cu\u00f1a radiof\u00f3nica en el programa.<\/strong><\/p>\n<p>Damos este nuevo paso en la andadura de Campo Base para obtener patrocinio que permita mantener el programa y la p\u00e1gina web, que es el lugar donde muchos de nuestros oyentes nos escuchan a trav\u00e9s de los programas en l\u00ednea o las descargas de los podcast. De ah\u00ed, que <strong>s\u00f3lo aceptamos patrocinadores relacionados con el mundo de la monta\u00f1a, la aventura y los viajes. <\/strong>Queremos seguir ofreciendo el mismo producto radiof\u00f3nico que nos ha hecho ser merecedores de la audiencia que tenemos. Nuestros oyentes son la prioridad y nuestro compromiso con ellos es decidido.<\/p>\n<p>Los oyentes del programa son amantes de la naturaleza, la monta\u00f1a, la aventura, los viajes\u2026oyentes espec\u00edficos que recibir\u00e1n de manera directa, sin intermediarios, la promoci\u00f3n de su marca, producto o servicio. Una<strong> publicidad espec\u00edfica<\/strong> y de gran alcance, que enviar\u00e1 su mensaje a personas potencialmente interesadas en su marca.<\/p>\n<p>Convertirse en patrocinador de Campo Base reportar\u00e1 a la marca de su empresa <strong>difusi\u00f3n en la web, en la radio,<\/strong> y en cualquier soporte donde nuestros oyentes escuchen el programa descargado (m\u00f3vil, mp3, ipod, pc\u2026)<\/p>\n<p>Apueste por esta f\u00f3rmula de <strong>promocionar la marca de su empresa<\/strong>. Su imagen corporativa mejorar\u00e1 al unir su marca, sus productos y sus servicios a un programa de radio como Campo Base, dedicado al apasionante mundo de la monta\u00f1a.<\/p>\n<p>[swfobj src=\u00bbhttp:\/\/campobasefm.com\/wp-content\/uploads\/2010\/07\/publicidad.swf\u00bb width=\u00bb500&#8243; height=\u00bb63&#8243; align =\u00bbcenter\u00bb]<\/p>\n<p>Puede publicitarse en Campo Base con las siguientes f\u00f3rmulas:<\/p>\n<p><strong>Banner 250 x 115<\/strong><\/p>\n<p>Aparecer\u00e1 en la parte superior de la columna derecha del blog. <strong>25\u20ac<\/strong> 1 mes. (<strong>descuentos<\/strong> en 3, 6, 9 meses y un a\u00f1o)<br \/>\nLas im\u00e1genes podr\u00e1n ser en formato .jpg .png .gif o .swf<\/p>\n<p><a href=\"http:\/\/campobasefm.com\/wp-content\/uploads\/2010\/07\/DISPONIBLE-250X115.png\"><img loading=\"lazy\" decoding=\"async\" class=\"wp-image-1672 size-full alignright\" title=\"DISPONIBLE 250X115\" src=\"http:\/\/elarriero.es\/campobasefm\/wp-content\/uploads\/2010\/07\/DISPONIBLE-250X115.png\" alt=\"\" width=\"250\" height=\"115\" \/><\/a><\/p>\n<p>&nbsp;<\/p>\n<p style=\"text-align: left;\"><strong>Banner 125 x 125:<\/strong><\/p>\n<p><strong><img loading=\"lazy\" decoding=\"async\" class=\"size-full wp-image-1664 alignleft\" src=\"http:\/\/elarriero.es\/campobasefm\/wp-content\/uploads\/2010\/07\/pub125x125.png\" alt=\"\" width=\"125\" height=\"125\" \/><\/strong>Aparecer\u00e1 en la columna derecha del blog. <strong>20\u20ac <\/strong>1 mes. (<strong>descuentos<\/strong> en 3, 6, 9 meses y un a\u00f1o)<br \/>\nLas im\u00e1genes podr\u00e1n ser en formato .jpg .png .gif o .swf<\/p>\n<p><strong> Enlaces (links en formato texto):<\/strong>Texto descriptivo de 50 caracteres m\u00e1ximo, con un link a la p\u00e1gina solicitada<strong>. 5\u20ac <\/strong>mensuales..<br \/>\nAparecer\u00e1n en la secci\u00f3n <span style=\"text-decoration: underline;\"><em>Enlaces Recomendados<\/em><\/span>, en la columna derecha.<br \/>\nSe aceptar\u00e1 un m\u00e1ximo de 10 links para \u00e9sta secci\u00f3n.<\/p>\n<p><strong>Enlaces simples (links en formato texto):<\/strong><\/p>\n<p>Texto descriptivo de 30 caracteres m\u00e1ximo, con un link a la p\u00e1gina solicitada<strong>. 3\u20ac <\/strong>mensuales..<br \/>\nAparecer\u00e1n en la secci\u00f3n <span style=\"text-decoration: underline;\"><em>Sitios amigos<\/em><\/span>, en la columna derecha.<br \/>\nSe aceptar\u00e1 un m\u00e1ximo de 10 links para \u00e9sta secci\u00f3n.<\/p>\n<p>Compre <span style=\"text-decoration: underline;\">espacio publicitario en campobasefm.com<\/span> cumplimentando el siguiente <strong>formulario de contacto<\/strong>, en menos de 24 horas contactaremos con usted para finalizar el proceso.<\/p>\n<p>[contact-form 3 \u00abCompra espacio publicitario\u00bb]<\/p>\n<p>_______________________________________________<\/p>\n<p><strong>Cu\u00f1a radiof\u00f3nica:<\/strong><\/p>\n<p>Publireportaje emitido en directo durante el programa.<strong> 25\u20ac<\/strong><strong><br \/>\n<\/strong><\/p>\n<p>Compre <span style=\"text-decoration: underline;\">espacio publicitario radiof\u00f3nico en Campo Base<\/span> cumplimentando el siguiente <strong>formulario de contacto<\/strong>, en menos de 24 horas contactaremos con usted para finalizar el proceso.<\/p>\n<p>[contact-form 4 \u00abCompra espacio radiof\u00f3nico\u00bb]<\/p>\n<p>&nbsp;<\/p>\n<p>_______________________________________________<\/p>\n<p>En Campo Base tenemos <strong>otras f\u00f3rmulas para promocinar<\/strong> su marca, como son campa\u00f1as publicitarias, posibilidad de emitir un programa desde su empresa, concursos, reportajes&#8230;\u00a1cons\u00faltenos!.<\/p>\n<p>De igual modo, estamos abiertos a sus propuestas y necesidades.<\/p>\n<p>Hemos ajustado nuestras tarifas, realizando interesantes descuentos a mayor periodo de contrataci\u00f3n, para ofrecer un producto competitivo dentro del sector. No obstante, queremos <strong>escuchar su caso particular <\/strong>y adaptarnos a su marca de empresa, para ello contacte con nosotros a trav\u00e9s del siguiente formulario.<\/p>\n<p>[contact-form 5 \u00abContacto publicidad\u00bb]<\/p>\n<p>Gracias por patrocinar Campo Base.<\/p>\n","protected":false},"excerpt":{"rendered":"<p>En Campo Base, a partir de este mes de julio, le ofrecemos la posibilidad de promocionar su marca, productos y servicios a trav\u00e9s de nuestros espacios publicitarios con las siguientes posibilidades: *\u00a0 Banner, con el logo de su marca, en nuestra p\u00e1gina web con enlace directo a la web de su\u00a0 empresa. *\u00a0 Cu\u00f1a radiof\u00f3nica [&hellip;]<\/p>\n","protected":false},"author":2,"featured_media":0,"parent":0,"menu_order":8,"comment_status":"open","ping_status":"open","template":"","meta":{"om_disable_all_campaigns":false,"_monsterinsights_skip_tracking":false,"_monsterinsights_sitenote_active":false,"_monsterinsights_sitenote_note":"","_monsterinsights_sitenote_category":0,"footnotes":""},"class_list":["post-1665","page","type-page","status-publish","hentry"],"aioseo_notices":[],"_links":{"self":[{"href":"https:\/\/elarriero.es\/campobasefm\/wp-json\/wp\/v2\/pages\/1665","targetHints":{"allow":["GET"]}}],"collection":[{"href":"https:\/\/elarriero.es\/campobasefm\/wp-json\/wp\/v2\/pages"}],"about":[{"href":"https:\/\/elarriero.es\/campobasefm\/wp-json\/wp\/v2\/types\/page"}],"author":[{"embeddable":true,"href":"https:\/\/elarriero.es\/campobasefm\/wp-json\/wp\/v2\/users\/2"}],"replies":[{"embeddable":true,"href":"https:\/\/elarriero.es\/campobasefm\/wp-json\/wp\/v2\/comments?post=1665"}],"version-history":[{"count":5,"href":"https:\/\/elarriero.es\/campobasefm\/wp-json\/wp\/v2\/pages\/1665\/revisions"}],"predecessor-version":[{"id":3011,"href":"https:\/\/elarriero.es\/campobasefm\/wp-json\/wp\/v2\/pages\/1665\/revisions\/3011"}],"wp:attachment":[{"href":"https:\/\/elarriero.es\/campobasefm\/wp-json\/wp\/v2\/media?parent=1665"}],"curies":[{"name":"wp","href":"https:\/\/api.w.org\/{rel}","templated":true}]}}