{"id":95,"date":"2015-01-16T18:31:39","date_gmt":"2015-01-16T17:31:39","guid":{"rendered":"http:\/\/elarriero.es\/literatura\/?page_id=95"},"modified":"2021-04-25T23:57:19","modified_gmt":"2021-04-25T22:57:19","slug":"el-autor","status":"publish","type":"page","link":"http:\/\/elarriero.es\/literatura\/el-autor\/","title":{"rendered":"el autor"},"content":{"rendered":"<p>Jes\u00fas Labajo Yuste (C\u00f3rdoba, 1973), el arriero, es el autor de los textos publicados en La Ac\u00e9mila. Es aprendiz de mucho y maestro de nada. Y el noble arte de la escritura le llama de vez en cuando, acude cuando puede.<\/p>\n<p>La Ac\u00e9mila nace con un doble prop\u00f3sito. En primer lugar, reunir los escritos que hayan obtenido alg\u00fan tipo de reconocimiento en concursos y cert\u00e1menes literarios o, simplemente, que hayan sido presentados; y en segundo lugar, el m\u00e1s importante para el autor, compartirlos por si alg\u00fan caminante que llegara a descansar por estos lares pudieran interesarle las historias que encierran.<\/p>\n<p>La Real Academia Espa\u00f1ola define la palabra ac\u00e9mila.<\/p>\n<p><span class=\"a\">(<a>Del<\/a> <a title=\"\u00e1rabe\">\u00e1r.<\/a> <a title=\"hisp\u00e1nico\">hisp.<\/a> <i>azz\u00e1mila<\/i><\/span><span class=\"a\">, y este <a>del<\/a> <a title=\"\u00e1rabe\">\u00e1r.<\/a> <a title=\"cl\u00e1sico o cl\u00e1sica\">cl\u00e1s.<\/a> <i>z\u0101milah<\/i>, bestia de carga).<\/span> <b> <\/b><\/p>\n<p><span class=\"d\"><b>1.<\/b><\/span> <span class=\"d\" title=\"nombre femenino\">f.<\/span><span class=\"b\"> Mula o macho de carga.<\/span><\/p>\n<p><span class=\"d\"><b> 2.<\/b><\/span><span class=\"g\"> <span class=\"g\" title=\"nombre femenino\">f.<\/span><\/span><span class=\"b\"> <a href=\"http:\/\/buscon.rae.es\/drae\/srv\/search?id=EsXipzi8NDXX2ySxu1Pp#0_2\"><span class=\"c\"><b>asno<\/b><\/span><\/a> (<span class=\"n\">\u2016 <\/span>persona ruda).<\/span> <b> <\/b><\/p>\n<p><span class=\"d\"><b>3.<\/b><\/span><span class=\"g\"> <span class=\"g\" title=\"nombre femenino\">f.<\/span><\/span><span class=\"b\"> Cierto tributo que se pagaba antiguamente.<\/span><\/p>\n<p>Esta p\u00e1gina web pretende cargar los escritos de el arriero como buena y noble bestia que es. A La Ac\u00e9mila no le importa si son buenos, malos o regulares, ni si est\u00e1n o no premiados. Ella no entiende de esos afanes ni falta que le hace, pero, fiel a su arriero, los acarrear\u00e1 por las veredas y los caminos digitales del siglo XXI o hasta donde fuera menester. Y se conformar\u00e1 al final del d\u00eda con una buena raci\u00f3n de pienso, agua fresca y una caricia sincera de el arriero .<\/p>\n<p>Para cualquier asunto <a title=\"Jes\u00fas Labajo Yuste\" href=\"mailto:contacto@elarriero.es\" target=\"_blank\" rel=\"noopener\">contacto@elarriero.es<\/a><\/p>\n","protected":false},"excerpt":{"rendered":"<p>Jes\u00fas Labajo Yuste (C\u00f3rdoba, 1973), el arriero, es el autor de los textos publicados en La Ac\u00e9mila. Es aprendiz de mucho y maestro de nada. Y el noble arte de la escritura le llama de vez en cuando, acude cuando puede. La Ac\u00e9mila nace con un doble prop\u00f3sito. En primer lugar, reunir los escritos que hayan obtenido alg\u00fan tipo de &#8230;<\/p>\n","protected":false},"author":1,"featured_media":91,"parent":0,"menu_order":0,"comment_status":"open","ping_status":"open","template":"","meta":{"footnotes":""},"class_list":["post-95","page","type-page","status-publish","has-post-thumbnail","hentry"],"_links":{"self":[{"href":"http:\/\/elarriero.es\/literatura\/wp-json\/wp\/v2\/pages\/95","targetHints":{"allow":["GET"]}}],"collection":[{"href":"http:\/\/elarriero.es\/literatura\/wp-json\/wp\/v2\/pages"}],"about":[{"href":"http:\/\/elarriero.es\/literatura\/wp-json\/wp\/v2\/types\/page"}],"author":[{"embeddable":true,"href":"http:\/\/elarriero.es\/literatura\/wp-json\/wp\/v2\/users\/1"}],"replies":[{"embeddable":true,"href":"http:\/\/elarriero.es\/literatura\/wp-json\/wp\/v2\/comments?post=95"}],"version-history":[{"count":2,"href":"http:\/\/elarriero.es\/literatura\/wp-json\/wp\/v2\/pages\/95\/revisions"}],"predecessor-version":[{"id":187,"href":"http:\/\/elarriero.es\/literatura\/wp-json\/wp\/v2\/pages\/95\/revisions\/187"}],"wp:featuredmedia":[{"embeddable":true,"href":"http:\/\/elarriero.es\/literatura\/wp-json\/wp\/v2\/media\/91"}],"wp:attachment":[{"href":"http:\/\/elarriero.es\/literatura\/wp-json\/wp\/v2\/media?parent=95"}],"curies":[{"name":"wp","href":"https:\/\/api.w.org\/{rel}","templated":true}]}}